{"id":50391,"date":"2016-10-26T09:20:44","date_gmt":"2016-10-26T07:20:44","guid":{"rendered":"http:\/\/www.bisztron.at\/?page_id=50391"},"modified":"2023-10-09T15:06:49","modified_gmt":"2023-10-09T13:06:49","slug":"impressum","status":"publish","type":"page","link":"http:\/\/www.bisztron.at\/?page_id=50391","title":{"rendered":"Impressum"},"content":{"rendered":"<p>F\u00fcr diese Website verantwortlicher Herausgeber:<\/p>\n<p>&nbsp;<\/p>\n<h3>Patricia Bisztron<\/h3>\n<p>Altenheimstra\u00dfe 21<\/p>\n<p>2831 Glei\u00dfenfeld<\/p>\n<p>Telefon: +43 664 350 10 44<\/p>\n<p>E-Mail:\u00a0 patricia@bisztron.at<br \/>\nInternet:\u00a0www.bisztron.at<br \/>\nUID Nr.: ATU59888107<\/p>\n<p>&nbsp;<\/p>\n<p><strong>Bildernachweis:<\/strong><\/p>\n<p>Die Bilder und Videos auf meiner Seite, wurden von mir gemacht oder sind lizenzfrei.<\/p>\n<p>&nbsp;<\/p>\n<h3>Webdesign \/ Entwicklung:<\/h3>\n<p>Design: wordpress Theme Vigor \/ \u00dcberarbeitung: Patricia Bisztron<\/p>\n<p>Patricia Bisztron ist f\u00fcr Bilder und Inhalt dieser Webseite verantwortlich.<br \/>\n&nbsp;<\/p>\n<p>Haftung: Der Inhalt wurde mit gr\u00f6\u00dfter Sorgfalt erstellt. F\u00fcr Vollst\u00e4ndigkeit und Aktualit\u00e4t der Informationen kann ich jedoch keine Gew\u00e4hr \u00fcbernehmen.<br \/>\n&nbsp;<\/p>\n","protected":false},"excerpt":{"rendered":"<p>F\u00fcr diese Website verantwortlicher Herausgeber: &nbsp; Patricia Bisztron Altenheimstra\u00dfe 21 2831 Glei\u00dfenfeld Telefon: +43 664 350 10 44 E-Mail:\u00a0 patricia@bisztron.at Internet:\u00a0www.bisztron.at UID Nr.: ATU59888107 &nbsp; Bildernachweis: Die Bilder und Videos auf meiner Seite, wurden von mir gemacht oder sind lizenzfrei. &nbsp; Webdesign \/ Entwicklung: Design:&#8230;<\/p>\n","protected":false},"author":1,"featured_media":0,"parent":0,"menu_order":40,"comment_status":"closed","ping_status":"closed","template":"","meta":{"footnotes":""},"_links":{"self":[{"href":"http:\/\/www.bisztron.at\/index.php?rest_route=\/wp\/v2\/pages\/50391"}],"collection":[{"href":"http:\/\/www.bisztron.at\/index.php?rest_route=\/wp\/v2\/pages"}],"about":[{"href":"http:\/\/www.bisztron.at\/index.php?rest_route=\/wp\/v2\/types\/page"}],"author":[{"embeddable":true,"href":"http:\/\/www.bisztron.at\/index.php?rest_route=\/wp\/v2\/users\/1"}],"replies":[{"embeddable":true,"href":"http:\/\/www.bisztron.at\/index.php?rest_route=%2Fwp%2Fv2%2Fcomments&post=50391"}],"version-history":[{"count":6,"href":"http:\/\/www.bisztron.at\/index.php?rest_route=\/wp\/v2\/pages\/50391\/revisions"}],"predecessor-version":[{"id":50792,"href":"http:\/\/www.bisztron.at\/index.php?rest_route=\/wp\/v2\/pages\/50391\/revisions\/50792"}],"wp:attachment":[{"href":"http:\/\/www.bisztron.at\/index.php?rest_route=%2Fwp%2Fv2%2Fmedia&parent=50391"}],"curies":[{"name":"wp","href":"https:\/\/api.w.org\/{rel}","templated":true}]}}