{"id":50695,"date":"2018-05-13T18:45:18","date_gmt":"2018-05-13T16:45:18","guid":{"rendered":"http:\/\/www.bisztron.at\/?page_id=50695"},"modified":"2023-10-09T15:02:35","modified_gmt":"2023-10-09T13:02:35","slug":"allgemeine-geschaeftsbedinungen","status":"publish","type":"page","link":"http:\/\/www.bisztron.at\/?page_id=50695","title":{"rendered":"Allgemeine Gesch\u00e4ftsbedinungen"},"content":{"rendered":"<p>1. Allgemeines<\/p>\n<p>Nachstehende Allgemeine Gesch\u00e4ftsbedingungen gelten f\u00fcr alle Vertr\u00e4ge, Lieferungen und sonstige Leistungen. Abweichenden Vorschriften des Vertragspartners widersprechen wir hiermit ausdr\u00fccklich. Alle Nebenabreden bed\u00fcrfen der schriftlichen Best\u00e4tigung.<\/p>\n<p>&nbsp;<\/p>\n<p>2. Training<\/p>\n<p>Im Training werden grunds\u00e4tzlich alle Ausbildungsmethoden abgelehnt, die den\/die Hund(e) ver\u00e4ngstigen, ihm\/ihnen Schmerzen zuf\u00fcgen oder ihn\/sie in seiner\/ihrer W\u00fcrde oder gar Pers\u00f6nlichkeit verletzen. Stachel- oder W\u00fcrgehalsb\u00e4nder, Strom- und Elektroreizger\u00e4te werden ebenso grunds\u00e4tzlich abgelehnt.<\/p>\n<p>Das Training wird nach besten Wissen und Gewissen von Patricia Bisztron durchgef\u00fchrt.<\/p>\n<p>Eine Erfolgsgarantie kann nicht gegeben werden. Der Trainingserfolg ist im Wesentlichen von der Mitarbeit des Teilnehmers und der richtigen Umsetzung der Ratschl\u00e4ge abh\u00e4ngig.<\/p>\n<p>Patricia Bisztron beh\u00e4lt sich vor, das Training nach eigenem Ermessen abzubrechen. Die Geb\u00fchr f\u00fcr bereits bezahlte Stunden wird in diesem F\u00e4llen anteilig zur\u00fcckerstattet.<\/p>\n<p>Patricia Bisztron beh\u00e4lt sich vor, in dringenden F\u00e4llen Trainingsstunden abzusagen. In diesen F\u00e4llen wird das Training selbstverst\u00e4ndlich nachgeholt.<\/p>\n<p>St\u00f6rt ein Teilnehmer das Training, so beh\u00e4lt sich Patricia Bisztron das Recht vor, diesen Teilnehmer das weitere Training zu verwehren, wobei die erbrachte Geb\u00fchr nicht zur\u00fcckerstattet wird. St\u00f6rungen im Sinne der Kursbedingungen sind u. a. das unbegr\u00fcndete Missachten der Trainingsanweisungen von Patricia Bisztron, Verhaltensweisen, welche die anderen Teilnehmer beeintr\u00e4chtigen und Verhalten, welches trotz wiederholter Aufforderung nicht eingestellt wird.<\/p>\n<p>Die Anmeldung zu Einzel- \/ Gruppentrainings \/ Sachkundenachweis ist verbindlich.<\/p>\n<p>Die Geb\u00fchr f\u00fcr die Teilnahme ist im Voraus zu zahlen. Eine R\u00fcckerstattung der Kursgeb\u00fchr f\u00fcr nicht in Anspruch genommene Stunden ist nicht m\u00f6glich.<\/p>\n<p>Die Geb\u00fchr f\u00fcr Einzelstunden ist jeweils im Anschluss an eine Trainingseinheit zu entrichten.<\/p>\n<p>Zahlungen sind jeweils in bar oder auf das Konto von Patricia Bisztron zu entrichten.<\/p>\n<p>Eine Absage oder Verschiebung des vereinbarten Einzeltrainings muss mindestens 24 Stunden vorher durch den Teilnehmer erfolgen. Erfolgt dies nicht oder versp\u00e4tet, wird die Trainingsstunde in Rechnung gestellt.<\/p>\n<p>Das Training findet nach Absprache an einem vereinbarten Ort oder bei dem Teilnehmer zu Hause statt. Ortswechsel beh\u00e4lt sich Patricia Bisztron ausdr\u00fccklich vor.<\/p>\n<p>&nbsp;<\/p>\n<p>3. Seminare<\/p>\n<p>Diese Allgemeinen Gesch\u00e4ftsbedingungen gelten f\u00fcr das Vertragsverh\u00e4ltnis zwischen Seminarteilnehmern und dem Seminarveranstalter, Patricia Bisztron. Ma\u00dfgeblich ist jeweils die zum Zeitpunkt des Vertragsabschlusses g\u00fcltige Fassung. <\/p>\n<p>Auf die verbindliche Anmeldung erhalten Sie umgehend die Rechnung f\u00fcr die Seminarteilnahme. Zahlungsziel 14 Tage netto Kassa. <\/p>\n<p>Unsere Seminare planen wir langfristig. Daher kann es gelegentlich vorkommen, dass sich der Veranstaltungstermin, der Veranstaltungsort oder die Referenten bzw. Trainer \u00e4ndern. Wir informieren Sie umgehend. Sollte ein Seminar durch Krankheit des Trainers, zu geringe Teilnehmerzahl, h\u00f6here Gewalt oder andere unvorhersehbare Ereignisse ausfallen der Veranstalter weder zum Ersatz von Reise- und \u00dcbernachtungskosten noch zu sonstigem Kostenersatz verpflichtet werden.  <\/p>\n<p>Alle Stornierungen m\u00fcssen in jedem Fall schriftlich erfolgen.<br \/>\nBei R\u00fccktritt in der Zeit von zwei Wochen vor bis zum Seminarbeginn berechnen wir im Fall der schriftlichen Abmeldung 30% Stornogeb\u00fchr. Bei Nichterscheinen zum Seminar ohne schriftliche Abmeldung m\u00fcssen wir 100% des Seminarbeitrages als Stornogeb\u00fchr berechnen.<br \/>\nBei Nennung und Teilnahme eines Ersatzteilnehmers entf\u00e4llt die jeweilige Stornogeb\u00fchr.  <\/p>\n<p>&nbsp;<\/p>\n<p>4.\u00a0 Haftung<\/p>\n<p>Der Teilnehmer haftet f\u00fcr alle die von sich, seinem\/seiner Hund(e) sowie von Begleitpersonen verursachten Sch\u00e4den. Die Teilnahme oder der Besuch, der Beratungsstunden erfolgen auf eigenes Risiko.<\/p>\n<p>Eine Haftung f\u00fcr Patricia Bisztron tritt nur ein, wenn der Schaden &#8211; auf grobe Fahrl\u00e4ssigkeit oder Vorsatz von Patricia Bisztron zur\u00fcckzuf\u00fchren ist.<\/p>\n<p>&nbsp;<\/p>\n<p>5. Unterlagen<\/p>\n<p>Alle Ausbildungsunterlagen (Schrift, Bild, Ton, Video) die von Patricia Bisztron ausgeh\u00e4ndigt oder per Internet zur Verf\u00fcgung gestellt werden, sind urheberrechtlich gesch\u00fctzt und d\u00fcrfen ohne schriftliche Genehmigung in keiner Form vervielf\u00e4ltigt werden.<\/p>\n<p>Die vom Veranstalter bereitgestellten Unterlagen im Rahmen von Seminaren, sind und bleiben geistiges Eigentum der Autoren. Eine Vervielf\u00e4ltigung der Unterlagen ist an unsere ausdr\u00fcckliche vorherige, schriftliche Zustimmung gebunden.<br \/>\n&nbsp;<\/p>\n<p>6. Digitale Aufzeichnungen<\/p>\n<p>Digitale Foto-, Video und DVD-Aufnahmen, die w\u00e4hrend der Trainings und\/oder auf Veranstaltungen von Patricia Bisztron erstellt werden, sind Eigentum von Patricia Bisztron. Der Teilnehmer erkl\u00e4rt sich damit einverstanden, dass Teil- und\/oder Ganzbildaufnahmen, die w\u00e4hrend der Teilnahme an einer Veranstaltung\/bei einem Training gemacht werden, zur Ver\u00f6ffentlichung in s\u00e4mtlichen Medien (Internet, Print, TV) verwendet werden d\u00fcrfen. Wir bitten um eine schriftliche Mitteilung, falls Sie nicht fotografiert oder gefilmt werden m\u00f6chten.<\/p>\n<p>&nbsp;<\/p>\n<p>7.\u00a0 Datenschutzerkl\u00e4rung<br \/>\nAlle Kundendaten werden unter Beachtung der einschl\u00e4gigen Vorschriften der Datenschutzgesetzt von uns gespeichert und verarbeitet. Sie haben jederzeit ein Recht auf kostenlose Auskunft, Berichtigung, Sperrung und L\u00f6schung Ihrer gespeicherten Daten. Bitte wenden Sie sich an oder senden Sie uns Ihr Verlangen per Post oder Fax. Wir geben Ihre personenbezogenen Daten einschlie\u00dflich Ihrer Haus-Adresse und E-Mail-Adresse nicht ohne Ihre ausdr\u00fcckliche und jederzeit widerrufliche Einwilligung an Dritte weiter.<\/p>\n<p><strong>\u00a0<\/strong><\/p>\n<p>8.\u00a0 Gerichtsstand<\/p>\n<p>Erf\u00fcllungsort und Gerichtsstand f\u00fcr beide Teile ist Neunkirchen, \u00d6sterreich.<\/p>\n<p>&nbsp;<\/p>\n<p>9.\u00a0 Salvatorische Klausel<\/p>\n<p>Sollten einzelne Bestimmungen dieses Vertrages unwirksam sein oder den gesetzlichen Regelungen widersprechen, so wird hierdurch der Vertrag im \u00dcbrigen nicht ber\u00fchrt. Die unwirksame Bestimmung wird von den Vertragsparteien einvernehmlich durch eine solche Bestimmung ersetzt, welche dem wirtschaftlichen Sinn und Zweck der unwirksamen Bestimmung in rechtswirksamer Weise am n\u00e4chsten kommt. Die vorstehende Regelung gilt entsprechend bei Regelungsl\u00fccken. Auf diesen Vertrag ist ausschlie\u00dflich \u00f6sterreichisches Recht anwendbar.<\/p>\n","protected":false},"excerpt":{"rendered":"<p>1. Allgemeines Nachstehende Allgemeine Gesch\u00e4ftsbedingungen gelten f\u00fcr alle Vertr\u00e4ge, Lieferungen und sonstige Leistungen. Abweichenden Vorschriften des Vertragspartners widersprechen wir hiermit ausdr\u00fccklich. Alle Nebenabreden bed\u00fcrfen der schriftlichen Best\u00e4tigung. &nbsp; 2. Training Im Training werden grunds\u00e4tzlich alle Ausbildungsmethoden abgelehnt, die den\/die Hund(e) ver\u00e4ngstigen, ihm\/ihnen Schmerzen zuf\u00fcgen oder&#8230;<\/p>\n","protected":false},"author":1,"featured_media":0,"parent":0,"menu_order":0,"comment_status":"closed","ping_status":"closed","template":"","meta":{"footnotes":""},"_links":{"self":[{"href":"http:\/\/www.bisztron.at\/index.php?rest_route=\/wp\/v2\/pages\/50695"}],"collection":[{"href":"http:\/\/www.bisztron.at\/index.php?rest_route=\/wp\/v2\/pages"}],"about":[{"href":"http:\/\/www.bisztron.at\/index.php?rest_route=\/wp\/v2\/types\/page"}],"author":[{"embeddable":true,"href":"http:\/\/www.bisztron.at\/index.php?rest_route=\/wp\/v2\/users\/1"}],"replies":[{"embeddable":true,"href":"http:\/\/www.bisztron.at\/index.php?rest_route=%2Fwp%2Fv2%2Fcomments&post=50695"}],"version-history":[{"count":5,"href":"http:\/\/www.bisztron.at\/index.php?rest_route=\/wp\/v2\/pages\/50695\/revisions"}],"predecessor-version":[{"id":50791,"href":"http:\/\/www.bisztron.at\/index.php?rest_route=\/wp\/v2\/pages\/50695\/revisions\/50791"}],"wp:attachment":[{"href":"http:\/\/www.bisztron.at\/index.php?rest_route=%2Fwp%2Fv2%2Fmedia&parent=50695"}],"curies":[{"name":"wp","href":"https:\/\/api.w.org\/{rel}","templated":true}]}}