{"id":50716,"date":"2019-01-19T11:19:49","date_gmt":"2019-01-19T10:19:49","guid":{"rendered":"http:\/\/www.bisztron.at\/?page_id=50716"},"modified":"2024-03-03T14:22:20","modified_gmt":"2024-03-03T13:22:20","slug":"50716-2","status":"publish","type":"page","link":"http:\/\/www.bisztron.at\/?page_id=50716","title":{"rendered":"Erziehung trifft Beziehung"},"content":{"rendered":"\n<div class=\"wp-block-group is-layout-constrained wp-block-group-is-layout-constrained\"><div class=\"wp-block-group__inner-container\">\n<p>Mit Unterst\u00fctzung der gewaltfreien Kommunikation zu einem harmonischen Miteinander mit unserem Hund<\/p>\n<p>Kennst du auch diese Tage, wo einfach alles doof ist und nichts wirklich funktionieren will?<\/p>\n<p>Sogar dein Hund tut alles, um dich auf die Palme zu bringen?<\/p>\n<p>Er ist unruhig, bellt dauernd, zieht wie eine Dampflock an der Leine oder keift andere Hunde\/Menschen an?<\/p>\n<p>Er zeigt sich besonders verhaltensgenial?<\/p>\n<p>Wie schaffen wir es Ruhe und Gelassenheit in solchen Situationen zu wahren und unseren Hund die n\u00f6tige Unterst\u00fctzung anzubieten.<\/p>\n<p>Wann lassen wir ihn gew\u00e4hren und wann setzten wir eine Grenze?<\/p>\n<p>Ich zeige dir einen Weg, dich und deinen Hund neu zu entdecken. Mehr Verst\u00e4ndnis f\u00fcr deine Bed\u00fcrfnisse und die deines Hundes f\u00fcr tiefes, gegenseitiges Vertrauen. Die gewaltfreie Kommunikation (GFK) nach Marshall Rosenberg ist das Fundament die uns durch dieses Abenteuer begleitet.<\/p>\n<p>Die GFK ist meine Basis achtsam zu sein, und entspannter mit den Spompernadln meines Hundes im Alltag umzugehen. Gleichzeitig st\u00e4rken wir unsere Beziehung miteinander und vertiefen das gegenseitige Vertrauen ineinander.<\/p>\n<p>Du m\u00f6chtest was ver\u00e4ndern? Dann nimm doch gleich <a href=\"http:\/\/www.bisztron.at\/?page_id=247\">Kontakt<\/a> mit mir auf und wir starten durch.<\/p>\n<p>\u00a0<\/p>\n<p><strong>Inhalte und Ablauf<\/strong>:<\/p>\n<p>Zu Beginn geht es vor allem darum, welche Verhaltensweisen deines Hundes dich zu mir gef\u00fchrt hat.<\/p>\n<p>Anhand von kleinen \u00dcbungen lernst du die M\u00f6glichkeiten der GFK kennen und findest Zugang zu deinen Gef\u00fchlen und Bed\u00fcrfnissen.<\/p>\n<p>Als n\u00e4chsten Schritt werden wir die Gef\u00fchle und Bed\u00fcrfnisse deines Hundes genauer betrachten. Gemeinsam finden wir Wege aus der belastenden Situation.<\/p>\n<p>Dein Hund darf w\u00e4hrend unserer Einheiten auch ab und zu entspannt zu Hause bleiben.<\/p>\n<p>Unsere Einheiten haben den klaren Fokus auf mehr Ruhe und Gelassenheit in der Beziehung zu deinem Hund. Es ersetzt keine Verhaltensberatung oder Training.<\/p>\n<p>Die Einheiten k\u00f6nnen sowohl pers\u00f6nlich als auch online via zoom stattfinden.<\/p>\n<p>\u00a0<\/p>\n<p><strong>Preise<\/strong>:<\/p>\n<p>Schnuppern: \u20ac 30,&#8211; \/ 30 Minuten<\/p>\n<p>Einzel: \u20ac 105,&#8211; \/ Einheit*<\/p>\n<p>Begleitung \u00fcber l\u00e4ngeren Zeitraum (erweiterbar bei Bedarf)<\/p>\n<p>2 Monate: \u20ac 300,&#8211; \/ 3 Einheiten*<\/p>\n<p>4 Monate: \u20ac 570,&#8211; \/ 6 Einheiten*<\/p>\n<p>6 Monate \u20ac 810,&#8211; \/ 9 Einheiten*<\/p>\n<p>* Einheit je 90 Minuten<\/p>\n<\/div><\/div>\n","protected":false},"excerpt":{"rendered":"<p>Mit Unterst\u00fctzung der gewaltfreien Kommunikation zu einem harmonischen Miteinander mit unserem Hund Kennst du auch diese Tage, wo einfach alles doof ist und nichts wirklich funktionieren will? Sogar dein Hund tut alles, um dich auf die Palme zu bringen? Er ist unruhig, bellt dauernd, zieht&#8230;<\/p>\n","protected":false},"author":1,"featured_media":50933,"parent":0,"menu_order":0,"comment_status":"closed","ping_status":"closed","template":"","meta":{"footnotes":""},"_links":{"self":[{"href":"http:\/\/www.bisztron.at\/index.php?rest_route=\/wp\/v2\/pages\/50716"}],"collection":[{"href":"http:\/\/www.bisztron.at\/index.php?rest_route=\/wp\/v2\/pages"}],"about":[{"href":"http:\/\/www.bisztron.at\/index.php?rest_route=\/wp\/v2\/types\/page"}],"author":[{"embeddable":true,"href":"http:\/\/www.bisztron.at\/index.php?rest_route=\/wp\/v2\/users\/1"}],"replies":[{"embeddable":true,"href":"http:\/\/www.bisztron.at\/index.php?rest_route=%2Fwp%2Fv2%2Fcomments&post=50716"}],"version-history":[{"count":19,"href":"http:\/\/www.bisztron.at\/index.php?rest_route=\/wp\/v2\/pages\/50716\/revisions"}],"predecessor-version":[{"id":50984,"href":"http:\/\/www.bisztron.at\/index.php?rest_route=\/wp\/v2\/pages\/50716\/revisions\/50984"}],"wp:featuredmedia":[{"embeddable":true,"href":"http:\/\/www.bisztron.at\/index.php?rest_route=\/wp\/v2\/media\/50933"}],"wp:attachment":[{"href":"http:\/\/www.bisztron.at\/index.php?rest_route=%2Fwp%2Fv2%2Fmedia&parent=50716"}],"curies":[{"name":"wp","href":"https:\/\/api.w.org\/{rel}","templated":true}]}}